{"id":3712,"date":"2021-06-08T13:17:23","date_gmt":"2021-06-08T11:17:23","guid":{"rendered":"https:\/\/vecchiasignora.rs\/pagina-iniziale\/"},"modified":"2024-01-09T14:39:36","modified_gmt":"2024-01-09T13:39:36","slug":"pagina-iniziale","status":"publish","type":"page","link":"http:\/\/vecchiasignora.rs\/it\/","title":{"rendered":"Pagina iniziale"},"content":{"rendered":"<div class=\"fusion-bg-parallax\" data-bg-align=\"center center\" data-direction=\"down\" data-mute=\"false\" data-opacity=\"100\" data-velocity=\"-0.3\" data-mobile-enabled=\"false\" data-break_parents=\"0\" data-bg-image=\"http:\/\/vecchiasignora.rs\/wp-content\/uploads\/2023\/12\/vecchia-signora.jpg\" data-bg-repeat=\"false\" data-bg-color=\"#030303\" data-bg-gradient-type=\"linear\" data-bg-gradient-angle=\"180\" data-bg-gradient-start-color=\"rgba(0,0,0,0.8)\" data-bg-gradient-start-position=\"0\" data-bg-gradient-end-color=\"rgba(0,0,0,0.1)\" data-bg-gradient-end-position=\"100\" data-bg-radial-direction=\"center center\" ><\/div><div class=\"fusion-fullwidth fullwidth-box fusion-builder-row-1 fusion-flex-container has-pattern-background has-mask-background fusion-parallax-down nonhundred-percent-fullwidth hundred-percent-height hundred-percent-height-center-content non-hundred-percent-height-scrolling lazyload\" style=\"--awb-border-radius-top-left:0px;--awb-border-radius-top-right:0px;--awb-border-radius-bottom-right:0px;--awb-border-radius-bottom-left:0px;--awb-padding-top:13%;--awb-padding-bottom:5%;--awb-margin-bottom:0%;--awb-background-color:#030303;--awb-background-image:linear-gradient(180deg, rgba(0,0,0,0.8) 0%,rgba(0,0,0,0.1) 100%);;--awb-background-size:cover;--awb-flex-wrap:wrap;\" data-bg=\"http:\/\/vecchiasignora.rs\/wp-content\/uploads\/2023\/12\/vecchia-signora.jpg\" data-bg-gradient=\"linear-gradient(180deg, rgba(0,0,0,0.8) 0%,rgba(0,0,0,0.1) 100%)\" ><div class=\"fusion-builder-row fusion-row fusion-flex-align-items-flex-start fusion-flex-content-wrap\" style=\"max-width:calc( 1375px + 0px );margin-left: calc(-0px \/ 2 );margin-right: calc(-0px \/ 2 );\"><div class=\"fusion-layout-column fusion_builder_column fusion-builder-column-0 fusion_builder_column_3_4 3_4 fusion-flex-column\" style=\"--awb-padding-top:5%;--awb-padding-right:10%;--awb-padding-bottom:0%;--awb-padding-left:10%;--awb-bg-color:rgba(3,3,3,0.5);--awb-bg-color-hover:rgba(3,3,3,0.5);--awb-bg-size:cover;--awb-width-large:75%;--awb-margin-top-large:0px;--awb-spacing-right-large:0px;--awb-margin-bottom-large:5%;--awb-spacing-left-large:0px;--awb-width-medium:100%;--awb-order-medium:0;--awb-spacing-right-medium:0px;--awb-spacing-left-medium:0px;--awb-width-small:100%;--awb-order-small:0;--awb-spacing-right-small:0px;--awb-spacing-left-small:0px;\"><div class=\"fusion-column-wrapper fusion-column-has-shadow fusion-flex-justify-content-flex-start fusion-content-layout-column\"><div class=\"fusion-builder-row fusion-builder-row-inner fusion-row fusion-flex-align-items-flex-start fusion-flex-content-wrap\" style=\"width:calc( 100% + 0px ) !important;max-width:calc( 100% + 0px ) !important;margin-left: calc(-0px \/ 2 );margin-right: calc(-0px \/ 2 );\"><div class=\"fusion-layout-column fusion_builder_column_inner fusion-builder-nested-column-0 fusion_builder_column_inner_1_1 1_1 fusion-flex-column fusion-animated\" style=\"--awb-bg-size:cover;--awb-width-large:100%;--awb-margin-top-large:0px;--awb-spacing-right-large:0px;--awb-margin-bottom-large:2%;--awb-spacing-left-large:0px;--awb-width-medium:100%;--awb-order-medium:0;--awb-spacing-right-medium:0px;--awb-spacing-left-medium:0px;--awb-width-small:100%;--awb-order-small:0;--awb-spacing-right-small:0px;--awb-spacing-left-small:0px;\" data-animationType=\"fadeInLeft\" data-animationDuration=\"1.0\" data-animationOffset=\"top-into-view\"><div class=\"fusion-column-wrapper fusion-column-has-shadow fusion-flex-justify-content-flex-start fusion-content-layout-column\"><div class=\"fusion-text fusion-text-1\" style=\"--awb-text-color:#d6d6d6;\"><p>&#8220;Vecchiasignora&#8221; \u00e8 un&#8217;antica baita di fine Ottocento, ricostruita in un moderno appartamento, conservando l&#8217;aspetto originario. L&#8217;edificio che ospitava le vasche con le prugne da cui si ricavava l&#8217;acquavite di prugne \u00e8 stato adattato in un luogo moderno e tranquillo per il riposo e il relax. L&#8217;aspetto esterno \u00e8 preservato utilizzando elementi naturali come legno e pietra, e l&#8217;interno \u00e8 adattato alle esigenze dell&#8217;uomo moderno. L&#8217;appartamento si chiama &#8220;Vecchiasignora&#8221; ed \u00e8 destinato al turismo rurale. Il nome deriva dal grande amore la Juve per il Torino, con il desiderio che la stessa venga risvegliata, riflessa e dispersa nella sua forma genuina in ogni ospite.<\/p>\n<p>L&#8217;idilliaca capanna serba situata nel villaggio di Roga\u010dica, a circa 3 ore dall&#8217;eccitante Belgrado, si trova sulla strada principale che collega le citt\u00e0 di U\u017eice e Bajina Ba\u0161ta. Nessun altro posto \u00e8 cos\u00ec dotato di tali bellezze naturali, pace celeste e persone gentili. Oasi di bellezza, pace e tranquillit\u00e0, questo tranquillo borgo si trova al confine naturale con la Bosnia, sulle rive del fiume Drina e rannicchiato tra i pendii di Tara, Kadinja\u010da e Povlen. Chi lo ha visitato almeno una volta lo ha definito incantevole.<\/p>\n<\/div><div class=\"fusion-title title fusion-title-1 fusion-title-text fusion-title-size-five\" style=\"--awb-text-color:#d6d6d6;\"><div class=\"title-sep-container title-sep-container-left fusion-no-large-visibility fusion-no-medium-visibility fusion-no-small-visibility\"><div class=\"title-sep sep-single sep-solid\" style=\"border-color:#e0dede;\"><\/div><\/div><span class=\"awb-title-spacer fusion-no-large-visibility fusion-no-medium-visibility fusion-no-small-visibility\"><\/span><h5 class=\"fusion-title-heading title-heading-left\" style=\"margin:0;\"><p>Benvenuto!<br \/>\nAleksandar Jevtic<\/p><\/h5><span class=\"awb-title-spacer\"><\/span><div class=\"title-sep-container title-sep-container-right\"><div class=\"title-sep sep-single sep-solid\" style=\"border-color:#e0dede;\"><\/div><\/div><\/div><\/div><\/div><\/div><\/div><\/div><\/div><\/div>\n","protected":false},"excerpt":{"rendered":"","protected":false},"author":1,"featured_media":0,"parent":0,"menu_order":0,"comment_status":"closed","ping_status":"closed","template":"100-width.php","meta":{"footnotes":""},"class_list":["post-3712","page","type-page","status-publish","hentry"],"_links":{"self":[{"href":"http:\/\/vecchiasignora.rs\/it\/wp-json\/wp\/v2\/pages\/3712","targetHints":{"allow":["GET"]}}],"collection":[{"href":"http:\/\/vecchiasignora.rs\/it\/wp-json\/wp\/v2\/pages"}],"about":[{"href":"http:\/\/vecchiasignora.rs\/it\/wp-json\/wp\/v2\/types\/page"}],"author":[{"embeddable":true,"href":"http:\/\/vecchiasignora.rs\/it\/wp-json\/wp\/v2\/users\/1"}],"replies":[{"embeddable":true,"href":"http:\/\/vecchiasignora.rs\/it\/wp-json\/wp\/v2\/comments?post=3712"}],"version-history":[{"count":3,"href":"http:\/\/vecchiasignora.rs\/it\/wp-json\/wp\/v2\/pages\/3712\/revisions"}],"predecessor-version":[{"id":3991,"href":"http:\/\/vecchiasignora.rs\/it\/wp-json\/wp\/v2\/pages\/3712\/revisions\/3991"}],"wp:attachment":[{"href":"http:\/\/vecchiasignora.rs\/it\/wp-json\/wp\/v2\/media?parent=3712"}],"curies":[{"name":"wp","href":"https:\/\/api.w.org\/{rel}","templated":true}]}}